{"id":789,"date":"2025-05-08T20:48:21","date_gmt":"2025-05-09T01:48:21","guid":{"rendered":"https:\/\/lenospizzerias.online\/index.php\/terms-and-conditions\/"},"modified":"2025-05-16T11:53:50","modified_gmt":"2025-05-16T16:53:50","slug":"terms-and-conditions","status":"publish","type":"page","link":"https:\/\/lenospizzerias.online\/index.php\/terms-and-conditions\/","title":{"rendered":"Terminos y Condiciones"},"content":{"rendered":"<p>[et_pb_section fb_built=\u00bb1&#8243; _builder_version=\u00bb4.16&#8243; global_colors_info=\u00bb{}\u00bb][et_pb_row _builder_version=\u00bb4.16&#8243; background_size=\u00bbinitial\u00bb background_position=\u00bbtop_left\u00bb background_repeat=\u00bbrepeat\u00bb global_colors_info=\u00bb{}\u00bb][et_pb_column type=\u00bb4_4&#8243; _builder_version=\u00bb4.16&#8243; custom_padding=\u00bb|||\u00bb global_colors_info=\u00bb{}\u00bb custom_padding__hover=\u00bb|||\u00bb][et_pb_text _builder_version=\u00bb4.16&#8243; background_size=\u00bbinitial\u00bb background_position=\u00bbtop_left\u00bb background_repeat=\u00bbrepeat\u00bb global_colors_info=\u00bb{}\u00bb]<\/p>\n<h2 class=\"\" data-start=\"314\" data-end=\"369\">T\u00e9rminos y Condiciones \u2013 Club de las Pizzas Gratis<\/h2>\n<p class=\"\" data-start=\"370\" data-end=\"404\"><strong data-start=\"370\" data-end=\"404\">Le\u00f1os Pizzer\u00eda \u2013 Acac\u00edas, Meta<\/strong><\/p>\n<p class=\"\" data-start=\"406\" data-end=\"689\">Bienvenido al <em data-start=\"420\" data-end=\"447\">Club de las Pizzas Gratis<\/em> de <strong data-start=\"451\" data-end=\"469\">Le\u00f1os Pizzer\u00eda<\/strong>, una membres\u00eda exclusiva dise\u00f1ada para premiar tu fidelidad y ayudarte a compartir el sabor de nuestras pizzas con tus amigos y familiares. Al registrarte en este programa, aceptas los siguientes t\u00e9rminos y condiciones:<\/p>\n<h3 class=\"\" data-start=\"691\" data-end=\"723\">1. Requisitos de inscripci\u00f3n<\/h3>\n<p class=\"\" data-start=\"724\" data-end=\"795\">Para hacer parte del <em data-start=\"745\" data-end=\"772\">Club de las Pizzas Gratis<\/em>, el interesado deber\u00e1:<\/p>\n<ul data-start=\"796\" data-end=\"1082\">\n<li class=\"\" data-start=\"841\" data-end=\"936\">\n<p class=\"\" data-start=\"843\" data-end=\"936\">Para activar la membresia, es necesario realizar consumos igual o superior a $40.000.<\/p>\n<\/li>\n<li class=\"\" data-start=\"937\" data-end=\"1082\">\n<p class=\"\" data-start=\"939\" data-end=\"1082\">Completar el proceso de registro a trav\u00e9s de nuestra p\u00e1gina web oficial o directamente en el punto de venta de Le\u00f1os Pizzer\u00eda en Acac\u00edas, Meta.<\/p>\n<\/li>\n<\/ul>\n<h3 class=\"\" data-start=\"1084\" data-end=\"1117\">2. Beneficios de la membres\u00eda<\/h3>\n<p class=\"\" data-start=\"1118\" data-end=\"1184\">Los miembros activos del club recibir\u00e1n los siguientes beneficios:<\/p>\n<ul data-start=\"1185\" data-end=\"1397\">\n<li class=\"\" data-start=\"1185\" data-end=\"1300\">\n<p class=\"\" data-start=\"1187\" data-end=\"1300\"><strong data-start=\"1187\" data-end=\"1233\">1 pizza personal gratis de cualquier sabor<\/strong> por cada referido que adquiera la membres\u00eda bajo su recomendaci\u00f3n.<\/p>\n<\/li>\n<li class=\"\" data-start=\"1301\" data-end=\"1397\">\n<p class=\"\" data-start=\"1303\" data-end=\"1397\">Acceso exclusivo a <strong data-start=\"1322\" data-end=\"1348\">promociones especiales<\/strong> dise\u00f1adas \u00fanicamente para los miembros del club.<\/p>\n<\/li>\n<\/ul>\n<h3 class=\"\" data-start=\"1399\" data-end=\"1443\">3. Condiciones del programa de referidos<\/h3>\n<ul data-start=\"1444\" data-end=\"1738\">\n<li class=\"\" data-start=\"1444\" data-end=\"1526\">\n<p class=\"\" data-start=\"1446\" data-end=\"1526\">Cada miembro puede acumular un <strong data-start=\"1477\" data-end=\"1525\">m\u00e1ximo de 10 referidos activos por membres\u00eda<\/strong>.<\/p>\n<\/li>\n<li class=\"\" data-start=\"1527\" data-end=\"1599\">\n<p class=\"\" data-start=\"1529\" data-end=\"1599\">Una vez alcanzado este l\u00edmite, la membres\u00eda se considerar\u00e1 finalizada.<\/p>\n<\/li>\n<li class=\"\" data-start=\"1600\" data-end=\"1738\">\n<p class=\"\" data-start=\"1602\" data-end=\"1738\">El miembro podr\u00e1 <strong data-start=\"1619\" data-end=\"1651\">adquirir una nueva membres\u00eda<\/strong> bajo las mismas condiciones para continuar refiriendo y disfrutando de los beneficios.<\/p>\n<\/li>\n<\/ul>\n<h3 class=\"\" data-start=\"1740\" data-end=\"1775\">4. Reclamo de las pizzas gratis<\/h3>\n<p class=\"\" data-start=\"1776\" data-end=\"1862\">Las pizzas personales gratuitas podr\u00e1n ser reclamadas bajo las siguientes condiciones:<\/p>\n<ul data-start=\"1863\" data-end=\"2152\">\n<li class=\"\" data-start=\"1863\" data-end=\"1920\">\n<p class=\"\" data-start=\"1865\" data-end=\"1920\"><strong data-start=\"1865\" data-end=\"1898\">Consumo en el establecimiento<\/strong>: sin costo adicional.<\/p>\n<\/li>\n<li class=\"\" data-start=\"1921\" data-end=\"1998\">\n<p class=\"\" data-start=\"1923\" data-end=\"1998\"><strong data-start=\"1923\" data-end=\"1946\">Recoger en el local<\/strong>: se aplicar\u00e1 un recargo de <strong data-start=\"1974\" data-end=\"1988\">$1.000 COP<\/strong> por la caja.<\/p>\n<\/li>\n<li class=\"\" data-start=\"1999\" data-end=\"2152\">\n<p class=\"\" data-start=\"2001\" data-end=\"2152\"><strong data-start=\"2001\" data-end=\"2059\">Domicilio dentro del per\u00edmetro urbano de Acac\u00edas, Meta<\/strong>: se aplicar\u00e1 un recargo de <strong data-start=\"2087\" data-end=\"2101\">$6.000 COP<\/strong> (incluye $5.000 de domicilio y $1.000 de la caja).<\/p>\n<\/li>\n<\/ul>\n<p class=\"\" data-start=\"2154\" data-end=\"2232\"><em data-start=\"2154\" data-end=\"2232\">Nota: No se realizar\u00e1n entregas a barrios alejados, veredas o zonas rurales.<\/em><\/p>\n<h3 class=\"\" data-start=\"2234\" data-end=\"2280\">5. Restricciones y condiciones adicionales<\/h3>\n<ul data-start=\"2281\" data-end=\"2699\">\n<li class=\"\" data-start=\"2281\" data-end=\"2381\">\n<p class=\"\" data-start=\"2283\" data-end=\"2381\">Los beneficios de la membres\u00eda <strong data-start=\"2314\" data-end=\"2336\">no son acumulables<\/strong> con otras promociones o descuentos vigentes.<\/p>\n<\/li>\n<li class=\"\" data-start=\"2382\" data-end=\"2430\">\n<p class=\"\" data-start=\"2384\" data-end=\"2430\">La membres\u00eda es <strong data-start=\"2400\" data-end=\"2429\">personal e intransferible<\/strong>.<\/p>\n<\/li>\n<li class=\"\" data-start=\"2431\" data-end=\"2548\">\n<p class=\"\" data-start=\"2433\" data-end=\"2548\">Los beneficios deben ser reclamados de manera responsable y dentro de los t\u00e9rminos establecidos por Le\u00f1os Pizzer\u00eda.<\/p>\n<\/li>\n<li class=\"\" data-start=\"2549\" data-end=\"2699\">\n<p class=\"\" data-start=\"2551\" data-end=\"2699\">La empresa se reserva el derecho de suspender o cancelar cualquier membres\u00eda que incurra en pr\u00e1cticas fraudulentas o abuso del sistema de referidos.<\/p>\n<\/li>\n<li class=\"\" data-start=\"2549\" data-end=\"2699\">Esta Promo es valida hasta el 30 de Noviembre de 2025.<\/li>\n<\/ul>\n<h3 class=\"\" data-start=\"2701\" data-end=\"2734\">6. Modificaciones al programa<\/h3>\n<p class=\"\" data-start=\"2735\" data-end=\"2986\">Le\u00f1os Pizzer\u00eda se reserva el derecho de modificar, suspender o cancelar, en cualquier momento y sin previo aviso, los t\u00e9rminos y condiciones de la membres\u00eda, siempre garantizando el respeto a los derechos adquiridos por los miembros hasta ese momento.<\/p>\n<p class=\"\" data-start=\"2735\" data-end=\"2986\">\n<hr class=\"\" data-start=\"2988\" data-end=\"2991\" \/>\n<p class=\"\" data-start=\"2993\" data-end=\"3134\"><strong data-start=\"2993\" data-end=\"3134\">Si tienes dudas o necesitas m\u00e1s informaci\u00f3n, cont\u00e1ctanos directamente a trav\u00e9s de nuestras redes sociales o en nuestro punto de atenci\u00f3n.<\/strong><\/p>\n<p>[\/et_pb_text][\/et_pb_column][\/et_pb_row][\/et_pb_section]<\/p>\n","protected":false},"excerpt":{"rendered":"<p>T\u00e9rminos y Condiciones \u2013 Club de las Pizzas Gratis Le\u00f1os Pizzer\u00eda \u2013 Acac\u00edas, Meta Bienvenido al Club de las Pizzas Gratis de Le\u00f1os Pizzer\u00eda, una membres\u00eda exclusiva dise\u00f1ada para premiar tu fidelidad y ayudarte a compartir el sabor de nuestras pizzas con tus amigos y familiares. Al registrarte en este programa, aceptas los siguientes t\u00e9rminos [&hellip;]<\/p>\n","protected":false},"author":1,"featured_media":0,"parent":0,"menu_order":0,"comment_status":"closed","ping_status":"closed","template":"","meta":{"_et_pb_use_builder":"on","_et_pb_old_content":"<h2 class=\"\" data-start=\"314\" data-end=\"369\">T\u00e9rminos y Condiciones \u2013 Club de las Pizzas Gratis<\/h2>\n<p class=\"\" data-start=\"370\" data-end=\"404\"><strong data-start=\"370\" data-end=\"404\">Le\u00f1os Pizzer\u00eda \u2013 Acac\u00edas, Meta<\/strong><\/p>\n<p class=\"\" data-start=\"406\" data-end=\"689\">Bienvenido al <em data-start=\"420\" data-end=\"447\">Club de las Pizzas Gratis<\/em> de <strong data-start=\"451\" data-end=\"469\">Le\u00f1os Pizzer\u00eda<\/strong>, una membres\u00eda exclusiva dise\u00f1ada para premiar tu fidelidad y ayudarte a compartir el sabor de nuestras pizzas con tus amigos y familiares. Al registrarte en este programa, aceptas los siguientes t\u00e9rminos y condiciones:<\/p>\n\n<h3 class=\"\" data-start=\"691\" data-end=\"723\">1. Requisitos de inscripci\u00f3n<\/h3>\n<p class=\"\" data-start=\"724\" data-end=\"795\">Para hacer parte del <em data-start=\"745\" data-end=\"772\">Club de las Pizzas Gratis<\/em>, el interesado deber\u00e1:<\/p>\n\n<ul data-start=\"796\" data-end=\"1082\">\n \t<li class=\"\" data-start=\"841\" data-end=\"936\">\n<p class=\"\" data-start=\"843\" data-end=\"936\">Para activar la membresia, es necesario realizar consumos igual o superior a $40.000.<\/p>\n<\/li>\n \t<li class=\"\" data-start=\"937\" data-end=\"1082\">\n<p class=\"\" data-start=\"939\" data-end=\"1082\">Completar el proceso de registro a trav\u00e9s de nuestra p\u00e1gina web oficial o directamente en el punto de venta de Le\u00f1os Pizzer\u00eda en Acac\u00edas, Meta.<\/p>\n<\/li>\n<\/ul>\n<h3 class=\"\" data-start=\"1084\" data-end=\"1117\">2. Beneficios de la membres\u00eda<\/h3>\n<p class=\"\" data-start=\"1118\" data-end=\"1184\">Los miembros activos del club recibir\u00e1n los siguientes beneficios:<\/p>\n\n<ul data-start=\"1185\" data-end=\"1397\">\n \t<li class=\"\" data-start=\"1185\" data-end=\"1300\">\n<p class=\"\" data-start=\"1187\" data-end=\"1300\"><strong data-start=\"1187\" data-end=\"1233\">1 pizza personal gratis de cualquier sabor<\/strong> por cada referido que adquiera la membres\u00eda bajo su recomendaci\u00f3n.<\/p>\n<\/li>\n \t<li class=\"\" data-start=\"1301\" data-end=\"1397\">\n<p class=\"\" data-start=\"1303\" data-end=\"1397\">Acceso exclusivo a <strong data-start=\"1322\" data-end=\"1348\">promociones especiales<\/strong> dise\u00f1adas \u00fanicamente para los miembros del club.<\/p>\n<\/li>\n<\/ul>\n<h3 class=\"\" data-start=\"1399\" data-end=\"1443\">3. Condiciones del programa de referidos<\/h3>\n<ul data-start=\"1444\" data-end=\"1738\">\n \t<li class=\"\" data-start=\"1444\" data-end=\"1526\">\n<p class=\"\" data-start=\"1446\" data-end=\"1526\">Cada miembro puede acumular un <strong data-start=\"1477\" data-end=\"1525\">m\u00e1ximo de 10 referidos activos por membres\u00eda<\/strong>.<\/p>\n<\/li>\n \t<li class=\"\" data-start=\"1527\" data-end=\"1599\">\n<p class=\"\" data-start=\"1529\" data-end=\"1599\">Una vez alcanzado este l\u00edmite, la membres\u00eda se considerar\u00e1 finalizada.<\/p>\n<\/li>\n \t<li class=\"\" data-start=\"1600\" data-end=\"1738\">\n<p class=\"\" data-start=\"1602\" data-end=\"1738\">El miembro podr\u00e1 <strong data-start=\"1619\" data-end=\"1651\">adquirir una nueva membres\u00eda<\/strong> bajo las mismas condiciones para continuar refiriendo y disfrutando de los beneficios.<\/p>\n<\/li>\n<\/ul>\n<h3 class=\"\" data-start=\"1740\" data-end=\"1775\">4. Reclamo de las pizzas gratis<\/h3>\n<p class=\"\" data-start=\"1776\" data-end=\"1862\">Las pizzas personales gratuitas podr\u00e1n ser reclamadas bajo las siguientes condiciones:<\/p>\n\n<ul data-start=\"1863\" data-end=\"2152\">\n \t<li class=\"\" data-start=\"1863\" data-end=\"1920\">\n<p class=\"\" data-start=\"1865\" data-end=\"1920\"><strong data-start=\"1865\" data-end=\"1898\">Consumo en el establecimiento<\/strong>: sin costo adicional.<\/p>\n<\/li>\n \t<li class=\"\" data-start=\"1921\" data-end=\"1998\">\n<p class=\"\" data-start=\"1923\" data-end=\"1998\"><strong data-start=\"1923\" data-end=\"1946\">Recoger en el local<\/strong>: se aplicar\u00e1 un recargo de <strong data-start=\"1974\" data-end=\"1988\">$1.000 COP<\/strong> por la caja.<\/p>\n<\/li>\n \t<li class=\"\" data-start=\"1999\" data-end=\"2152\">\n<p class=\"\" data-start=\"2001\" data-end=\"2152\"><strong data-start=\"2001\" data-end=\"2059\">Domicilio dentro del per\u00edmetro urbano de Acac\u00edas, Meta<\/strong>: se aplicar\u00e1 un recargo de <strong data-start=\"2087\" data-end=\"2101\">$6.000 COP<\/strong> (incluye $5.000 de domicilio y $1.000 de la caja).<\/p>\n<\/li>\n<\/ul>\n<p class=\"\" data-start=\"2154\" data-end=\"2232\"><em data-start=\"2154\" data-end=\"2232\">Nota: No se realizar\u00e1n entregas a barrios alejados, veredas o zonas rurales.<\/em><\/p>\n\n<h3 class=\"\" data-start=\"2234\" data-end=\"2280\">5. Restricciones y condiciones adicionales<\/h3>\n<ul data-start=\"2281\" data-end=\"2699\">\n \t<li class=\"\" data-start=\"2281\" data-end=\"2381\">\n<p class=\"\" data-start=\"2283\" data-end=\"2381\">Los beneficios de la membres\u00eda <strong data-start=\"2314\" data-end=\"2336\">no son acumulables<\/strong> con otras promociones o descuentos vigentes.<\/p>\n<\/li>\n \t<li class=\"\" data-start=\"2382\" data-end=\"2430\">\n<p class=\"\" data-start=\"2384\" data-end=\"2430\">La membres\u00eda es <strong data-start=\"2400\" data-end=\"2429\">personal e intransferible<\/strong>.<\/p>\n<\/li>\n \t<li class=\"\" data-start=\"2431\" data-end=\"2548\">\n<p class=\"\" data-start=\"2433\" data-end=\"2548\">Los beneficios deben ser reclamados de manera responsable y dentro de los t\u00e9rminos establecidos por Le\u00f1os Pizzer\u00eda.<\/p>\n<\/li>\n \t<li class=\"\" data-start=\"2549\" data-end=\"2699\">\n<p class=\"\" data-start=\"2551\" data-end=\"2699\">La empresa se reserva el derecho de suspender o cancelar cualquier membres\u00eda que incurra en pr\u00e1cticas fraudulentas o abuso del sistema de referidos.<\/p>\n<\/li>\n<\/ul>\n<h3 class=\"\" data-start=\"2701\" data-end=\"2734\">6. Modificaciones al programa<\/h3>\n<p class=\"\" data-start=\"2735\" data-end=\"2986\">Le\u00f1os Pizzer\u00eda se reserva el derecho de modificar, suspender o cancelar, en cualquier momento y sin previo aviso, los t\u00e9rminos y condiciones de la membres\u00eda, siempre garantizando el respeto a los derechos adquiridos por los miembros hasta ese momento.<\/p>\n\n\n<hr class=\"\" data-start=\"2988\" data-end=\"2991\" \/>\n<p class=\"\" data-start=\"2993\" data-end=\"3134\"><strong data-start=\"2993\" data-end=\"3134\">Si tienes dudas o necesitas m\u00e1s informaci\u00f3n, cont\u00e1ctanos directamente a trav\u00e9s de nuestras redes sociales o en nuestro punto de atenci\u00f3n.<\/strong><\/p>","_et_gb_content_width":"","footnotes":""},"class_list":["post-789","page","type-page","status-publish","hentry"],"_links":{"self":[{"href":"https:\/\/lenospizzerias.online\/index.php\/wp-json\/wp\/v2\/pages\/789","targetHints":{"allow":["GET"]}}],"collection":[{"href":"https:\/\/lenospizzerias.online\/index.php\/wp-json\/wp\/v2\/pages"}],"about":[{"href":"https:\/\/lenospizzerias.online\/index.php\/wp-json\/wp\/v2\/types\/page"}],"author":[{"embeddable":true,"href":"https:\/\/lenospizzerias.online\/index.php\/wp-json\/wp\/v2\/users\/1"}],"replies":[{"embeddable":true,"href":"https:\/\/lenospizzerias.online\/index.php\/wp-json\/wp\/v2\/comments?post=789"}],"version-history":[{"count":6,"href":"https:\/\/lenospizzerias.online\/index.php\/wp-json\/wp\/v2\/pages\/789\/revisions"}],"predecessor-version":[{"id":866,"href":"https:\/\/lenospizzerias.online\/index.php\/wp-json\/wp\/v2\/pages\/789\/revisions\/866"}],"wp:attachment":[{"href":"https:\/\/lenospizzerias.online\/index.php\/wp-json\/wp\/v2\/media?parent=789"}],"curies":[{"name":"wp","href":"https:\/\/api.w.org\/{rel}","templated":true}]}}